{"id":84,"date":"2014-10-24T23:12:58","date_gmt":"2014-10-25T02:12:58","guid":{"rendered":"http:\/\/construccionesscop.com.ar\/web\/?page_id=84"},"modified":"2023-04-19T00:14:42","modified_gmt":"2023-04-19T03:14:42","slug":"empresa","status":"publish","type":"page","link":"http:\/\/construccionesscop.com.ar\/web\/empresa","title":{"rendered":"Empresa"},"content":{"rendered":"<h3>Antecedentes Empresariales<\/h3>\n<p>La Empresa Construcciones SCOP S.A. tiene su origen, como empresa constructora, en el a\u00f1o 1972. Desde entonces ha sido parte de las siguientes sociedades:<\/p>\n<ul>\n<li>SCOP S.A.: Fabricaci\u00f3n de Cer\u00e1mica.<\/li>\n<li>CONSTRUCCIONES SCOP S.A.: Construcci\u00f3n y Agropecuaria.<\/li>\n<li>HOTELES SCOP S.A.: Hoteler\u00eda<\/li>\n<li>PEHUEN S.A.: Inversiones Financieras.<\/li>\n<\/ul>\n<p>Construcciones SCOP S.A. se encuentra abocado a afianzar y potenciar la actividad, estudiando, analizando y llevando a cabo nuevos proyectos.<\/p>\n<p>Para ello se encuentra hoy s\u00f3lidamente respaldado, sin ning\u00fan tipo de deuda financiera tanto nacional como extranjera.<\/p>\n<p><img loading=\"lazy\" decoding=\"async\" class=\"alignnone wp-image-101 size-full\" src=\"http:\/\/construccionesscop.com.ar\/web\/wp-content\/uploads\/2014\/10\/scop-sa.jpg\" alt=\"\" width=\"300\" height=\"300\" srcset=\"http:\/\/construccionesscop.com.ar\/web\/wp-content\/uploads\/2014\/10\/scop-sa.jpg 300w, http:\/\/construccionesscop.com.ar\/web\/wp-content\/uploads\/2014\/10\/scop-sa-150x150.jpg 150w, http:\/\/construccionesscop.com.ar\/web\/wp-content\/uploads\/2014\/10\/scop-sa-60x60.jpg 60w\" sizes=\"auto, (max-width: 300px) 100vw, 300px\" \/><\/p>\n<p>La empresa se encuentra calificada por los Registros Provincial y Nacional de Constructores de Obras P\u00fablicas, entes que tienen a su cargo la habilitaci\u00f3n espec\u00edfica para operar en esta materia. Construcciones SCOP S.A. mantiene una preocupaci\u00f3n permanente hacia su personal; debido a ello aplica una pol\u00edtica en Higiene y Seguridad Laboral en base a la Ley Nacional de Higiene y Seguridad en el Trabajo.<\/p>\n<p>El \u00e9xito de este objetivo se apoya en la firme decisi\u00f3n de realizar el trabajo dentro de los m\u00e1s estrictos recaudos de seguridad contando para ello con la asesor\u00eda permanente de t\u00e9cnicos matriculados en el \u00e1rea.<\/p>\n<p>En el sector de la construcci\u00f3n es sin lugar a dudas una de las empresas m\u00e1s antiguas y que m\u00e1s superficie cubierta ha construido en la Provincia de San Juan (hasta la actualidad alrededor de 6000.000 m\u00b2). Adem\u00e1s, en otros sectores de la econom\u00eda, la empresa, ha tenido un particular protagonismo debido a las importantes inversiones que ha llevado a cabo, tanto en la provincia como en el resto del pa\u00eds, en otras actividades econ\u00f3micas tales como la agropecuaria, la industria cer\u00e1mica, la hoteler\u00eda y la financiera.<\/p>\n<p>Construcciones SCOP S.A. ha concretado proyectos edilicios de gran complejidad, entre los que cabe se\u00f1alar la construcci\u00f3n, instalaci\u00f3n y montaje de una planta industrial destinada a la fabricaci\u00f3n de pisos y revestimientos cer\u00e1micos (Cer\u00e1mica SCOP); la construcci\u00f3n, equipamiento e instalaci\u00f3n de un establecimiento hotelero de 112 habitaciones (Alkazar Hotel); y edificios de departamentos, oficinas y grupos habitacionales de gran envergadura, arquitectura innovadora y finos detalles de terminaci\u00f3n, como son los edificios SCOP I, SCOP II, SCOP V, Cinema y Torres de Cuyo; convirti\u00e9ndose este \u00faltimo en un hito de referencia para la Ciudad de San Juan debido a la calidad del proyecto arquitect\u00f3nico y a su magn\u00edfica presencia urbana.<\/p>\n<p>Recientemente se ha completado la construcci\u00f3n de dos conjuntos habitacionales privados (San Miguel y Los Horneros) evidenciando as\u00ed el continuo inter\u00e9s de nuestra empresa en concretar obras<strong> Bien Pesadas<\/strong>, <strong>Bien Hechas<\/strong>.<\/p>\n<p>Actualmente se encuentran en la etapa de lanzamiento dos nuevos emprendimientos privados: Alamos del Este y Ancalia Barrio Privado.<\/p>\n<p>Con la intenci\u00f3n de posicionar nuestra empresa en el \u00e1mbito regional y nacional, se ha intervenido, a modo de ejemplo, en cuatro licitaciones en forma conjunta con empresas de nivel nacional e internacional: Planta Fotovoltaica Piloto en San Juan, Centro Penitenciario Federal de Cuyo en Mendoza, Subsistemas Cloacales de Rawson-Chimbas en San Juan y finalmente en 2016, en el Parque Solar Fotovoltaico Ullum, San Juan.<\/p>\n<h3>Personal Capacitado:<\/h3>\n<p class=\"Poromisin\"><span lang=\"ES-TRAD\" style=\"font-size: 12.0pt; color: #444444;\">La empresa cuenta con un compacto equipo de trabajo que combina experiencia y trayectoria, con juventud y capacitaci\u00f3n intelectual, dirigidos todos por el Directorio de la firma.<\/span><\/p>\n<p>En lo t\u00e9cnico-constructivo, la empresa dispone de un grupo de personas de larga trayectoria dentro de la misma, con una antig\u00fcedad promedio de m\u00e1s de quince a\u00f1os consecutivos, y est\u00e1 constituido por:<\/p>\n<ul>\n<li>Ingenieros Civiles.<\/li>\n<li>Arquitectos.<\/li>\n<li>T\u00e9cnicos Constructores y El\u00e9ctricos.<\/li>\n<li>Maestros Mayores de Obras y Capataces.<\/li>\n<li>Oficiales y Medio Oficiales de Obra.<\/li>\n<\/ul>\n<p>En el sector administrativo y comercial, cuenta con un grupo homog\u00e9neo y con experiencia constituido por personas capacitadas, formado por:<\/p>\n<ul>\n<li>Contadores P\u00fablicos.<\/li>\n<li>Tesorero.<\/li>\n<li>Auxiliares contables, administrativo laboral y previsional.<\/li>\n<li>Secretarias administrativas, recepci\u00f3n y telefonistas.<\/li>\n<\/ul>\n<p>Adem\u00e1s la firma tiene los siguientes contratos de asistencia externa:<\/p>\n<ul>\n<li>Auditor\u00eda y asesoramiento impositivo y financiero.<\/li>\n<li>Jur\u00eddica Laboral, Civil y Comercial.<\/li>\n<li>Comercial, a trav\u00e9s de una importante empresa inmobiliaria.<\/li>\n<li>En higiene y seguridad industrial.<\/li>\n<\/ul>\n","protected":false},"excerpt":{"rendered":"<p>Antecedentes Empresariales La Empresa Construcciones SCOP S.A. tiene su origen, como empresa constructora, en el a\u00f1o 1972. Desde entonces ha sido parte de las siguientes sociedades: SCOP S.A.: Fabricaci\u00f3n de Cer\u00e1mica. CONSTRUCCIONES SCOP S.A.: Construcci\u00f3n y Agropecuaria. HOTELES SCOP S.A.: Hoteler\u00eda PEHUEN S.A.: Inversiones Financieras. Construcciones SCOP S.A. se encuentra abocado a afianzar y potenciar [&hellip;]<\/p>\n","protected":false},"author":2,"featured_media":49,"parent":0,"menu_order":0,"comment_status":"open","ping_status":"open","template":"","meta":{"footnotes":""},"class_list":["post-84","page","type-page","status-publish","has-post-thumbnail","hentry"],"_links":{"self":[{"href":"http:\/\/construccionesscop.com.ar\/web\/wp-json\/wp\/v2\/pages\/84","targetHints":{"allow":["GET"]}}],"collection":[{"href":"http:\/\/construccionesscop.com.ar\/web\/wp-json\/wp\/v2\/pages"}],"about":[{"href":"http:\/\/construccionesscop.com.ar\/web\/wp-json\/wp\/v2\/types\/page"}],"author":[{"embeddable":true,"href":"http:\/\/construccionesscop.com.ar\/web\/wp-json\/wp\/v2\/users\/2"}],"replies":[{"embeddable":true,"href":"http:\/\/construccionesscop.com.ar\/web\/wp-json\/wp\/v2\/comments?post=84"}],"version-history":[{"count":7,"href":"http:\/\/construccionesscop.com.ar\/web\/wp-json\/wp\/v2\/pages\/84\/revisions"}],"predecessor-version":[{"id":790,"href":"http:\/\/construccionesscop.com.ar\/web\/wp-json\/wp\/v2\/pages\/84\/revisions\/790"}],"wp:featuredmedia":[{"embeddable":true,"href":"http:\/\/construccionesscop.com.ar\/web\/wp-json\/wp\/v2\/media\/49"}],"wp:attachment":[{"href":"http:\/\/construccionesscop.com.ar\/web\/wp-json\/wp\/v2\/media?parent=84"}],"curies":[{"name":"wp","href":"https:\/\/api.w.org\/{rel}","templated":true}]}}