{"id":122,"date":"2014-10-26T19:53:56","date_gmt":"2014-10-26T22:53:56","guid":{"rendered":"http:\/\/construccionesscop.com.ar\/web\/?page_id=122"},"modified":"2024-12-16T12:14:23","modified_gmt":"2024-12-16T15:14:23","slug":"inicio","status":"publish","type":"page","link":"http:\/\/construccionesscop.com.ar\/web\/","title":{"rendered":"Inicio"},"content":{"rendered":"<div class=\"row \"><\/p>\n<p><div class=\"col-lg-4 col-md-12 col-xs-12 col-sm-12\">\n<div id=\"osc_servicebox_0\" class=\"osc_servicebox \"><span class=\"fa fa-cubes icon_bg iconcircle\"><\/span><h3>Proyectos Futuros<\/h3><div class=\"osc_servicebox_content\"><\/p>\n<p><i class=\" fa fa-check-square-o \" style=\"color:#ed3837; font-size:16px;\"><\/i>\u00a0 \u00a0<a href=\"http:\/\/construccionesscop.com.ar\/web\/archivos\/535\">4 VIENTOS<\/a><\/p>\n<p><i class=\" fa fa-check-square-o \" style=\"color:#ed3837; font-size:16px;\"><\/i>\u00a0 \u00a0<a href=\"http:\/\/construccionesscop.com.ar\/web\/archivos\/757\">VIVIENDA ECO SOLAR<\/a><\/div><\/div>\n<\/div><\/p>\n<p><div class=\"col-lg-4 col-md-12 col-xs-12 col-sm-12\">\n<div id=\"osc_servicebox_1\" class=\"osc_servicebox \"><span class=\"glyphicon glyphicon glyphicon-tags icon_bg iconcircle\"><\/span><h3>Proyectos Construidos Recientemente<\/h3><div class=\"osc_servicebox_content\"><\/p>\n<p><i class=\" fa fa-check-square-o \" style=\"color:#ed3837; font-size:16px;\"><\/i><a title=\"Edificio TORRES DE CUYO\" href=\"http:\/\/construccionesscop.com.ar\/web\/archivos\/690\"> Edificio NATANIA 57<\/a><\/p>\n<p><i class=\" fa fa-check-square-o \" style=\"color:#ed3837; font-size:16px;\"><\/i><a title=\"Edificio TORRES DE CUYO\" href=\"http:\/\/construccionesscop.com.ar\/web\/edificio-torres-de-cuyo\/\"> Edificio TORRES DE CUYO<\/a><\/p>\n<p><i class=\" fa fa-check-square-o \" style=\"color:#ed3837; font-size:16px;\"><\/i> <a title=\"Edificio CINEMA\" href=\"http:\/\/construccionesscop.com.ar\/web\/edificio-cinema\/\">Edificio CINEMA<\/a><\/p>\n<p><i class=\" fa fa-check-square-o \" style=\"color:#ed3837; font-size:16px;\"><\/i> <a title=\"Edificio SCOP V\" href=\"http:\/\/construccionesscop.com.ar\/web\/edificio-scop-v\/\">Edificio SCOP V<\/a><\/p>\n<p><i class=\" fa fa-check-square-o \" style=\"color:#ed3837; font-size:16px;\"><\/i> <a title=\"Complejo SAN MIGUEL\" href=\"http:\/\/construccionesscop.com.ar\/web\/complejo-san-miguel\/\">Complejo SAN MIGUEL<\/a><\/p>\n<p><i class=\" fa fa-check-square-o \" style=\"color:#ed3837; font-size:16px;\"><\/i> <a href=\"http:\/\/construccionesscop.com.ar\/web\/archivos\/228\">Complejo\u00a0LOS HORNEROS<\/a><\/p>\n<p><\/div><\/div>\n<\/div><\/p>\n<p><div class=\"col-lg-4 col-md-12 col-xs-12 col-sm-12\">\n<div id=\"osc_servicebox_2\" class=\"osc_servicebox \"><span class=\"glyphicon fa fa-envelope icon_bg iconcircle\"><\/span><h3>\u00a1 CONT\u00c1CTENOS !<\/h3><div class=\"osc_servicebox_content\">\nNo dude en comunicarse con nosotros para conocer m\u00e1s sobre nuestros productos o nuestra empresa, por cualquiera de las v\u00edas de comunicaci\u00f3n que ponemos a su disposici\u00f3n para tal fin.<\/div><a href=\"http:\/\/construccionesscop.com.ar\/web\/contacto\" class=\"osc_servicebox_readmore_css osc_servicebox_readmore\">Leer m\u00e1s...<\/a><\/div>\n<\/div><\/p>\n<p><\/div>\n","protected":false},"excerpt":{"rendered":"","protected":false},"author":2,"featured_media":0,"parent":0,"menu_order":0,"comment_status":"closed","ping_status":"open","template":"page-fullwidth.php","meta":{"footnotes":""},"class_list":["post-122","page","type-page","status-publish","hentry"],"_links":{"self":[{"href":"http:\/\/construccionesscop.com.ar\/web\/wp-json\/wp\/v2\/pages\/122","targetHints":{"allow":["GET"]}}],"collection":[{"href":"http:\/\/construccionesscop.com.ar\/web\/wp-json\/wp\/v2\/pages"}],"about":[{"href":"http:\/\/construccionesscop.com.ar\/web\/wp-json\/wp\/v2\/types\/page"}],"author":[{"embeddable":true,"href":"http:\/\/construccionesscop.com.ar\/web\/wp-json\/wp\/v2\/users\/2"}],"replies":[{"embeddable":true,"href":"http:\/\/construccionesscop.com.ar\/web\/wp-json\/wp\/v2\/comments?post=122"}],"version-history":[{"count":102,"href":"http:\/\/construccionesscop.com.ar\/web\/wp-json\/wp\/v2\/pages\/122\/revisions"}],"predecessor-version":[{"id":852,"href":"http:\/\/construccionesscop.com.ar\/web\/wp-json\/wp\/v2\/pages\/122\/revisions\/852"}],"wp:attachment":[{"href":"http:\/\/construccionesscop.com.ar\/web\/wp-json\/wp\/v2\/media?parent=122"}],"curies":[{"name":"wp","href":"https:\/\/api.w.org\/{rel}","templated":true}]}}